{"id":3,"date":"2025-08-27T20:19:03","date_gmt":"2025-08-27T20:19:03","guid":{"rendered":"http:\/\/sympetshop.com\/?page_id=3"},"modified":"2025-08-31T21:40:37","modified_gmt":"2025-09-01T00:40:37","slug":"privacy-policy-2","status":"publish","type":"page","link":"https:\/\/sympetshop.com\/inicio\/privacy-policy-2\/","title":{"rendered":"Pol\u00edtica de privacidad"},"content":{"rendered":"\n<p class=\"has-medium-font-size\">En <strong>Sympet<\/strong>, nos comprometemos a proteger y respetar tu privacidad. Esta pol\u00edtica explica c\u00f3mo recopilamos, usamos y protegemos tu informaci\u00f3n personal cuando visitas nuestro sitio web.<\/p>\n\n\n\n<div class=\"wp-block-stackable-separator alignfull stk-block-separator stk--no-padding stk-block stk-7db19ef\" data-block-id=\"7db19ef\"><style>.stk-7db19ef {margin-bottom:0px !important;transform:scaleY(-1) !important;}.stk-7db19ef .stk-block-separator__inner{height:120px !important;}<\/style><div class=\"stk-block-separator__inner\"><svg xmlns=\"http:\/\/www.w3.org\/2000\/svg\" viewBox=\"0 0 1600 200\" class=\"stk-separator__layer-1\" preserveAspectRatio=\"none\" aria-hidden=\"true\"><path class=\"wave-1_svg__st2\" d=\"M1341.4 48.9c-182.4 0-254.2 80.4-429.4 80.4-117.8 0-209.7-67.5-393.5-67.5-142.2 0-212.6 38.8-324.6 38.8S-10 64.7-10 64.7V210h1620V102c-110.6-40.2-181-53.1-268.6-53.1z\"><\/path><\/svg><\/div><\/div>\n\n\n\n<hr class=\"wp-block-separator alignfull has-alpha-channel-opacity\"\/>\n\n\n\n<h2 class=\"wp-block-heading has-large-font-size\"><strong>1. Informaci\u00f3n que recopilamos<\/strong><\/h2>\n\n\n\n<p class=\"has-medium-font-size\">Podemos recopilar informaci\u00f3n personal, como tu nombre, direcci\u00f3n, n\u00famero de tel\u00e9fono, correo electr\u00f3nico y datos de pago, cuando realizas una compra, te registras en nuestro sitio o interact\u00faas con nosotros de alguna otra manera.<\/p>\n\n\n\n<h2 class=\"wp-block-heading has-large-font-size\"><strong>2. Uso de la informaci\u00f3n<\/strong><\/h2>\n\n\n\n<p class=\"has-medium-font-size\">Utilizamos tu informaci\u00f3n para procesar pedidos, gestionar tu cuenta, mejorar nuestros servicios, enviarte noticias o promociones relacionadas con nuestros productos y responder a tus consultas.<\/p>\n\n\n\n<h2 class=\"wp-block-heading has-large-font-size\"><strong>3. Compartir la informaci\u00f3n<\/strong><\/h2>\n\n\n\n<p class=\"has-medium-font-size\">No compartiremos tu informaci\u00f3n personal con terceros, excepto cuando sea necesario para procesar pagos, enviar pedidos o cumplir con obligaciones legales.<\/p>\n\n\n\n<h2 class=\"wp-block-heading has-large-font-size\"><strong>4. Seguridad de los datos<\/strong><\/h2>\n\n\n\n<p class=\"has-medium-font-size\">Implementamos medidas de seguridad para proteger tus datos contra accesos no autorizados, p\u00e9rdida o divulgaci\u00f3n indebida.<\/p>\n\n\n\n<h2 class=\"wp-block-heading has-large-font-size\"><strong>5. Cookies<\/strong><\/h2>\n\n\n\n<p class=\"has-medium-font-size\">Nuestro sitio utiliza cookies para mejorar tu experiencia de navegaci\u00f3n. Puedes configurar tu navegador para rechazar cookies, aunque esto puede afectar la funcionalidad del sitio.<\/p>\n\n\n\n<h2 class=\"wp-block-heading has-large-font-size\"><strong>6. Derechos del usuario<\/strong><\/h2>\n\n\n\n<p class=\"has-medium-font-size\">Tienes derecho a acceder, corregir o solicitar la eliminaci\u00f3n de tus datos personales en cualquier momento. Para hacerlo, contacta con nosotros en <strong>(contacto@sympetshop.com<\/strong>).<\/p>\n\n\n\n<h2 class=\"wp-block-heading has-large-font-size\"><strong><strong>7. Cambios en la pol\u00edtica<\/strong><\/strong><\/h2>\n\n\n\n<p class=\"has-medium-font-size\">Nos reservamos el derecho a modificar esta pol\u00edtica de privacidad en cualquier momento. Cualquier cambio ser\u00e1 publicado en esta misma p\u00e1gina.<\/p>\n","protected":false},"excerpt":{"rendered":"<p>En Sympet, nos comprometemos a proteger y respetar tu privacidad. Esta pol\u00edtica explica c\u00f3mo recopilamos, usamos y protegemos tu informaci\u00f3n personal cuando visitas nuestro sitio web. 1. Informaci\u00f3n que recopilamos Podemos recopilar informaci\u00f3n personal, como tu nombre, direcci\u00f3n, n\u00famero de tel\u00e9fono, correo electr\u00f3nico y datos de pago, cuando realizas una compra, te registras en nuestro [&hellip;]<\/p>\n","protected":false},"author":1,"featured_media":0,"parent":0,"menu_order":0,"comment_status":"closed","ping_status":"closed","template":"","meta":{"footnotes":""},"class_list":["post-3","page","type-page","status-publish","hentry"],"blocksy_meta":[],"yoast_head":"<!-- This site is optimized with the Yoast SEO plugin v25.8 - https:\/\/yoast.com\/wordpress\/plugins\/seo\/ -->\n<title>Pol\u00edtica de privacidad - sympet<\/title>\n<meta name=\"description\" content=\"En Sympet, nos comprometemos a proteger y respetar tu privacidad. Esta pol\u00edtica explica c\u00f3mo recopilamos, usamos y protegemos tu informaci\u00f3n personal\" \/>\n<meta name=\"robots\" content=\"index, follow, max-snippet:-1, max-image-preview:large, max-video-preview:-1\" \/>\n<link rel=\"canonical\" href=\"https:\/\/sympetshop.com\/inicio\/privacy-policy-2\/\" \/>\n<meta property=\"og:locale\" content=\"es_ES\" \/>\n<meta property=\"og:type\" content=\"article\" \/>\n<meta property=\"og:title\" content=\"Pol\u00edtica de privacidad - sympet\" \/>\n<meta property=\"og:description\" content=\"En Sympet, nos comprometemos a proteger y respetar tu privacidad. Esta pol\u00edtica explica c\u00f3mo recopilamos, usamos y protegemos tu informaci\u00f3n personal\" \/>\n<meta property=\"og:url\" content=\"https:\/\/sympetshop.com\/inicio\/privacy-policy-2\/\" \/>\n<meta property=\"og:site_name\" content=\"sympet\" \/>\n<meta property=\"article:modified_time\" content=\"2025-09-01T00:40:37+00:00\" \/>\n<meta property=\"og:image\" content=\"https:\/\/sympetshop.com\/wp-content\/uploads\/2025\/08\/Logo-1.webp\" \/>\n\t<meta property=\"og:image:width\" content=\"1300\" \/>\n\t<meta property=\"og:image:height\" content=\"500\" \/>\n\t<meta property=\"og:image:type\" content=\"image\/webp\" \/>\n<meta name=\"twitter:card\" content=\"summary_large_image\" \/>\n<meta name=\"twitter:label1\" content=\"Tiempo de lectura\" \/>\n\t<meta name=\"twitter:data1\" content=\"1 minuto\" \/>\n<script type=\"application\/ld+json\" class=\"yoast-schema-graph\">{\"@context\":\"https:\/\/schema.org\",\"@graph\":[{\"@type\":\"WebPage\",\"@id\":\"https:\/\/sympetshop.com\/inicio\/privacy-policy-2\/\",\"url\":\"https:\/\/sympetshop.com\/inicio\/privacy-policy-2\/\",\"name\":\"Pol\u00edtica de privacidad - sympet\",\"isPartOf\":{\"@id\":\"https:\/\/sympetshop.com\/inicio\/#website\"},\"datePublished\":\"2025-08-27T20:19:03+00:00\",\"dateModified\":\"2025-09-01T00:40:37+00:00\",\"description\":\"En Sympet, nos comprometemos a proteger y respetar tu privacidad. Esta pol\u00edtica explica c\u00f3mo recopilamos, usamos y protegemos tu informaci\u00f3n personal\",\"breadcrumb\":{\"@id\":\"https:\/\/sympetshop.com\/inicio\/privacy-policy-2\/#breadcrumb\"},\"inLanguage\":\"es\",\"potentialAction\":[{\"@type\":\"ReadAction\",\"target\":[\"https:\/\/sympetshop.com\/inicio\/privacy-policy-2\/\"]}]},{\"@type\":\"BreadcrumbList\",\"@id\":\"https:\/\/sympetshop.com\/inicio\/privacy-policy-2\/#breadcrumb\",\"itemListElement\":[{\"@type\":\"ListItem\",\"position\":1,\"name\":\"Portada\",\"item\":\"https:\/\/sympetshop.com\/inicio\/\"},{\"@type\":\"ListItem\",\"position\":2,\"name\":\"Pol\u00edtica de privacidad\"}]},{\"@type\":\"WebSite\",\"@id\":\"https:\/\/sympetshop.com\/inicio\/#website\",\"url\":\"https:\/\/sympetshop.com\/inicio\/\",\"name\":\"sympet\",\"description\":\"Tienda de accesorios para mascotas\",\"publisher\":{\"@id\":\"https:\/\/sympetshop.com\/inicio\/#organization\"},\"potentialAction\":[{\"@type\":\"SearchAction\",\"target\":{\"@type\":\"EntryPoint\",\"urlTemplate\":\"https:\/\/sympetshop.com\/inicio\/?s={search_term_string}\"},\"query-input\":{\"@type\":\"PropertyValueSpecification\",\"valueRequired\":true,\"valueName\":\"search_term_string\"}}],\"inLanguage\":\"es\"},{\"@type\":\"Organization\",\"@id\":\"https:\/\/sympetshop.com\/inicio\/#organization\",\"name\":\"sympet\",\"url\":\"https:\/\/sympetshop.com\/inicio\/\",\"logo\":{\"@type\":\"ImageObject\",\"inLanguage\":\"es\",\"@id\":\"https:\/\/sympetshop.com\/inicio\/#\/schema\/logo\/image\/\",\"url\":\"https:\/\/sympetshop.com\/wp-content\/uploads\/2025\/08\/Logo.webp\",\"contentUrl\":\"https:\/\/sympetshop.com\/wp-content\/uploads\/2025\/08\/Logo.webp\",\"width\":1300,\"height\":500,\"caption\":\"sympet\"},\"image\":{\"@id\":\"https:\/\/sympetshop.com\/inicio\/#\/schema\/logo\/image\/\"},\"sameAs\":[\"https:\/\/www.instagram.com\/sympetshop\/?utm_source=ig_web_button_share_sheet\"]}]}<\/script>\n<!-- \/ Yoast SEO plugin. -->","yoast_head_json":{"title":"Pol\u00edtica de privacidad - sympet","description":"En Sympet, nos comprometemos a proteger y respetar tu privacidad. Esta pol\u00edtica explica c\u00f3mo recopilamos, usamos y protegemos tu informaci\u00f3n personal","robots":{"index":"index","follow":"follow","max-snippet":"max-snippet:-1","max-image-preview":"max-image-preview:large","max-video-preview":"max-video-preview:-1"},"canonical":"https:\/\/sympetshop.com\/inicio\/privacy-policy-2\/","og_locale":"es_ES","og_type":"article","og_title":"Pol\u00edtica de privacidad - sympet","og_description":"En Sympet, nos comprometemos a proteger y respetar tu privacidad. Esta pol\u00edtica explica c\u00f3mo recopilamos, usamos y protegemos tu informaci\u00f3n personal","og_url":"https:\/\/sympetshop.com\/inicio\/privacy-policy-2\/","og_site_name":"sympet","article_modified_time":"2025-09-01T00:40:37+00:00","og_image":[{"width":1300,"height":500,"url":"https:\/\/sympetshop.com\/wp-content\/uploads\/2025\/08\/Logo-1.webp","type":"image\/webp"}],"twitter_card":"summary_large_image","twitter_misc":{"Tiempo de lectura":"1 minuto"},"schema":{"@context":"https:\/\/schema.org","@graph":[{"@type":"WebPage","@id":"https:\/\/sympetshop.com\/inicio\/privacy-policy-2\/","url":"https:\/\/sympetshop.com\/inicio\/privacy-policy-2\/","name":"Pol\u00edtica de privacidad - sympet","isPartOf":{"@id":"https:\/\/sympetshop.com\/inicio\/#website"},"datePublished":"2025-08-27T20:19:03+00:00","dateModified":"2025-09-01T00:40:37+00:00","description":"En Sympet, nos comprometemos a proteger y respetar tu privacidad. Esta pol\u00edtica explica c\u00f3mo recopilamos, usamos y protegemos tu informaci\u00f3n personal","breadcrumb":{"@id":"https:\/\/sympetshop.com\/inicio\/privacy-policy-2\/#breadcrumb"},"inLanguage":"es","potentialAction":[{"@type":"ReadAction","target":["https:\/\/sympetshop.com\/inicio\/privacy-policy-2\/"]}]},{"@type":"BreadcrumbList","@id":"https:\/\/sympetshop.com\/inicio\/privacy-policy-2\/#breadcrumb","itemListElement":[{"@type":"ListItem","position":1,"name":"Portada","item":"https:\/\/sympetshop.com\/inicio\/"},{"@type":"ListItem","position":2,"name":"Pol\u00edtica de privacidad"}]},{"@type":"WebSite","@id":"https:\/\/sympetshop.com\/inicio\/#website","url":"https:\/\/sympetshop.com\/inicio\/","name":"sympet","description":"Tienda de accesorios para mascotas","publisher":{"@id":"https:\/\/sympetshop.com\/inicio\/#organization"},"potentialAction":[{"@type":"SearchAction","target":{"@type":"EntryPoint","urlTemplate":"https:\/\/sympetshop.com\/inicio\/?s={search_term_string}"},"query-input":{"@type":"PropertyValueSpecification","valueRequired":true,"valueName":"search_term_string"}}],"inLanguage":"es"},{"@type":"Organization","@id":"https:\/\/sympetshop.com\/inicio\/#organization","name":"sympet","url":"https:\/\/sympetshop.com\/inicio\/","logo":{"@type":"ImageObject","inLanguage":"es","@id":"https:\/\/sympetshop.com\/inicio\/#\/schema\/logo\/image\/","url":"https:\/\/sympetshop.com\/wp-content\/uploads\/2025\/08\/Logo.webp","contentUrl":"https:\/\/sympetshop.com\/wp-content\/uploads\/2025\/08\/Logo.webp","width":1300,"height":500,"caption":"sympet"},"image":{"@id":"https:\/\/sympetshop.com\/inicio\/#\/schema\/logo\/image\/"},"sameAs":["https:\/\/www.instagram.com\/sympetshop\/?utm_source=ig_web_button_share_sheet"]}]}},"jetpack_sharing_enabled":true,"_links":{"self":[{"href":"https:\/\/sympetshop.com\/inicio\/wp-json\/wp\/v2\/pages\/3","targetHints":{"allow":["GET"]}}],"collection":[{"href":"https:\/\/sympetshop.com\/inicio\/wp-json\/wp\/v2\/pages"}],"about":[{"href":"https:\/\/sympetshop.com\/inicio\/wp-json\/wp\/v2\/types\/page"}],"author":[{"embeddable":true,"href":"https:\/\/sympetshop.com\/inicio\/wp-json\/wp\/v2\/users\/1"}],"replies":[{"embeddable":true,"href":"https:\/\/sympetshop.com\/inicio\/wp-json\/wp\/v2\/comments?post=3"}],"version-history":[{"count":0,"href":"https:\/\/sympetshop.com\/inicio\/wp-json\/wp\/v2\/pages\/3\/revisions"}],"wp:attachment":[{"href":"https:\/\/sympetshop.com\/inicio\/wp-json\/wp\/v2\/media?parent=3"}],"curies":[{"name":"wp","href":"https:\/\/api.w.org\/{rel}","templated":true}]}}