{"id":592,"date":"2025-08-28T16:35:06","date_gmt":"2025-08-28T19:35:06","guid":{"rendered":"https:\/\/sympetshop.com\/?page_id=592"},"modified":"2025-08-31T21:39:31","modified_gmt":"2025-09-01T00:39:31","slug":"refund_returns-2","status":"publish","type":"page","link":"https:\/\/sympetshop.com\/inicio\/refund_returns-2\/","title":{"rendered":"Pol\u00edtica de devoluci\u00f3n"},"content":{"rendered":"\n<p><\/p>\n\n\n\n<p class=\"has-medium-font-size\">En <strong>sympet<\/strong>, nos esforzamos por ofrecer productos de la mejor calidad y satisfacci\u00f3n a nuestros clientes. Si no est\u00e1s completamente satisfecho con tu compra, puede devolver los art\u00edculos bajo las siguientes condiciones:<\/p>\n\n\n\n<div class=\"wp-block-stackable-separator alignfull stk-block-separator stk--no-padding stk-block stk-7d071f5\" data-block-id=\"7d071f5\"><style>.stk-7d071f5 {transform:scaleY(-1) !important;}.stk-7d071f5 .stk-block-separator__inner{height:123px !important;}<\/style><div class=\"stk-block-separator__inner\"><svg xmlns=\"http:\/\/www.w3.org\/2000\/svg\" viewBox=\"0 0 1600 200\" class=\"stk-separator__layer-1\" preserveAspectRatio=\"none\" aria-hidden=\"true\"><path class=\"wave-1_svg__st2\" d=\"M1341.4 48.9c-182.4 0-254.2 80.4-429.4 80.4-117.8 0-209.7-67.5-393.5-67.5-142.2 0-212.6 38.8-324.6 38.8S-10 64.7-10 64.7V210h1620V102c-110.6-40.2-181-53.1-268.6-53.1z\"><\/path><\/svg><\/div><\/div>\n\n\n\n<h2 class=\"wp-block-heading has-large-font-size\"><strong>1. Plazo para devoluciones:<\/strong><\/h2>\n\n\n\n<p class=\"has-medium-font-size\">Tenes un plazo de 10 d\u00edas calendario desde la recepci\u00f3n de tu pedido para solicitar una devoluci\u00f3n.<\/p>\n\n\n\n<h2 class=\"wp-block-heading has-large-font-size\">2. Estado del art\u00edculo:<\/h2>\n\n\n\n<p class=\"has-medium-font-size\">Los productos deben estar en su estado original, sin usar, con las etiquetas y empaques originales.<\/p>\n\n\n\n<h2 class=\"wp-block-heading has-large-font-size\"><strong>3. Art\u00edculos no retornables:<\/strong><\/h2>\n\n\n\n<p class=\"has-medium-font-size\">Algunas categor\u00edas espec\u00edficas, como productos personalizados, alimentos, o art\u00edculos en oferta, pueden no ser elegibles para devoluci\u00f3n.<\/p>\n\n\n\n<h2 class=\"wp-block-heading has-large-font-size\"><strong>4. Proceso de devoluci\u00f3n:<\/strong><\/h2>\n\n\n\n<p class=\"has-medium-font-size\">Para solicitar una devoluci\u00f3n, contacta con nuestro equipo de atenci\u00f3n al cliente en petshop.sympet@gmail.com o al +54 9 3512 51-3621 , proporcionando tu n\u00famero de pedido y el motivo de la devoluci\u00f3n.<br>Una vez autorizada, recibir\u00e1s instrucciones sobre c\u00f3mo devolver el art\u00edculo.<\/p>\n\n\n\n<h2 class=\"wp-block-heading has-large-font-size\"><strong>5. Costos de env\u00edo:<\/strong><\/h2>\n\n\n\n<p class=\"has-medium-font-size\">Los costos de env\u00edo de la devoluci\u00f3n correr\u00e1n por cuenta del cliente, salvo en casos donde la devoluci\u00f3n sea por error nuestro o producto defectuoso.<\/p>\n\n\n\n<h2 class=\"wp-block-heading has-large-font-size\"><strong>6. Reembolso:<\/strong><\/h2>\n\n\n\n<p class=\"has-medium-font-size\">Una vez que recibamos y evaluemos el art\u00edculo devolveremos el pago a trav\u00e9s del m\u00e9todo original de pago, en un plazo de 7 a 10 d\u00edas h\u00e1biles.<\/p>\n\n\n\n<h2 class=\"wp-block-heading\">Contactos<\/h2>\n\n\n\n<p class=\"has-medium-font-size\">Cualquier otra duda o consulta contanos en<br><br>Gmail: contacto@sympetshop.com<\/p>\n\n\n\n<p class=\"has-medium-font-size\">Tel: (+54) 9 3512 51-3621<\/p>\n\n\n\n<p class=\"has-medium-font-size\">C\u00f3rdoba, Argentina<\/p>\n\n\n\n<p><\/p>\n","protected":false},"excerpt":{"rendered":"<p>En sympet, nos esforzamos por ofrecer productos de la mejor calidad y satisfacci\u00f3n a nuestros clientes. Si no est\u00e1s completamente satisfecho con tu compra, puede devolver los art\u00edculos bajo las siguientes condiciones: 1. Plazo para devoluciones: Tenes un plazo de 10 d\u00edas calendario desde la recepci\u00f3n de tu pedido para solicitar una devoluci\u00f3n. 2. Estado [&hellip;]<\/p>\n","protected":false},"author":1,"featured_media":0,"parent":0,"menu_order":0,"comment_status":"closed","ping_status":"closed","template":"","meta":{"footnotes":""},"class_list":["post-592","page","type-page","status-publish","hentry"],"blocksy_meta":{"disable_header":"no","disable_footer":"no","page_structure_type":"default","has_hero_section":"default","styles_descriptor":{"styles":{"desktop":"","tablet":"","mobile":""},"google_fonts":[],"version":6}},"yoast_head":"<!-- This site is optimized with the Yoast SEO plugin v25.8 - https:\/\/yoast.com\/wordpress\/plugins\/seo\/ -->\n<title>Pol\u00edtica de devoluci\u00f3n - sympet<\/title>\n<meta name=\"description\" content=\"En sympet, nos esforzamos por ofrecer productos de la mejor calidad y satisfacci\u00f3n a nuestros clientes. Si no est\u00e1s completamente satisfecho con tu\" \/>\n<meta name=\"robots\" content=\"index, follow, max-snippet:-1, max-image-preview:large, max-video-preview:-1\" \/>\n<link rel=\"canonical\" href=\"https:\/\/sympetshop.com\/inicio\/refund_returns-2\/\" \/>\n<meta property=\"og:locale\" content=\"es_ES\" \/>\n<meta property=\"og:type\" content=\"article\" \/>\n<meta property=\"og:title\" content=\"Pol\u00edtica de devoluci\u00f3n - sympet\" \/>\n<meta property=\"og:description\" content=\"En sympet, nos esforzamos por ofrecer productos de la mejor calidad y satisfacci\u00f3n a nuestros clientes. Si no est\u00e1s completamente satisfecho con tu\" \/>\n<meta property=\"og:url\" content=\"https:\/\/sympetshop.com\/inicio\/refund_returns-2\/\" \/>\n<meta property=\"og:site_name\" content=\"sympet\" \/>\n<meta property=\"article:modified_time\" content=\"2025-09-01T00:39:31+00:00\" \/>\n<meta property=\"og:image\" content=\"https:\/\/sympetshop.com\/wp-content\/uploads\/2025\/08\/Logo-1.webp\" \/>\n\t<meta property=\"og:image:width\" content=\"1300\" \/>\n\t<meta property=\"og:image:height\" content=\"500\" \/>\n\t<meta property=\"og:image:type\" content=\"image\/webp\" \/>\n<meta name=\"twitter:card\" content=\"summary_large_image\" \/>\n<meta name=\"twitter:label1\" content=\"Tiempo de lectura\" \/>\n\t<meta name=\"twitter:data1\" content=\"1 minuto\" \/>\n<script type=\"application\/ld+json\" class=\"yoast-schema-graph\">{\"@context\":\"https:\/\/schema.org\",\"@graph\":[{\"@type\":\"WebPage\",\"@id\":\"https:\/\/sympetshop.com\/inicio\/refund_returns-2\/\",\"url\":\"https:\/\/sympetshop.com\/inicio\/refund_returns-2\/\",\"name\":\"Pol\u00edtica de devoluci\u00f3n - sympet\",\"isPartOf\":{\"@id\":\"https:\/\/sympetshop.com\/inicio\/#website\"},\"datePublished\":\"2025-08-28T19:35:06+00:00\",\"dateModified\":\"2025-09-01T00:39:31+00:00\",\"description\":\"En sympet, nos esforzamos por ofrecer productos de la mejor calidad y satisfacci\u00f3n a nuestros clientes. Si no est\u00e1s completamente satisfecho con tu\",\"breadcrumb\":{\"@id\":\"https:\/\/sympetshop.com\/inicio\/refund_returns-2\/#breadcrumb\"},\"inLanguage\":\"es\",\"potentialAction\":[{\"@type\":\"ReadAction\",\"target\":[\"https:\/\/sympetshop.com\/inicio\/refund_returns-2\/\"]}]},{\"@type\":\"BreadcrumbList\",\"@id\":\"https:\/\/sympetshop.com\/inicio\/refund_returns-2\/#breadcrumb\",\"itemListElement\":[{\"@type\":\"ListItem\",\"position\":1,\"name\":\"Portada\",\"item\":\"https:\/\/sympetshop.com\/inicio\/\"},{\"@type\":\"ListItem\",\"position\":2,\"name\":\"Pol\u00edtica de devoluci\u00f3n\"}]},{\"@type\":\"WebSite\",\"@id\":\"https:\/\/sympetshop.com\/inicio\/#website\",\"url\":\"https:\/\/sympetshop.com\/inicio\/\",\"name\":\"sympet\",\"description\":\"Tienda de accesorios para mascotas\",\"publisher\":{\"@id\":\"https:\/\/sympetshop.com\/inicio\/#organization\"},\"potentialAction\":[{\"@type\":\"SearchAction\",\"target\":{\"@type\":\"EntryPoint\",\"urlTemplate\":\"https:\/\/sympetshop.com\/inicio\/?s={search_term_string}\"},\"query-input\":{\"@type\":\"PropertyValueSpecification\",\"valueRequired\":true,\"valueName\":\"search_term_string\"}}],\"inLanguage\":\"es\"},{\"@type\":\"Organization\",\"@id\":\"https:\/\/sympetshop.com\/inicio\/#organization\",\"name\":\"sympet\",\"url\":\"https:\/\/sympetshop.com\/inicio\/\",\"logo\":{\"@type\":\"ImageObject\",\"inLanguage\":\"es\",\"@id\":\"https:\/\/sympetshop.com\/inicio\/#\/schema\/logo\/image\/\",\"url\":\"https:\/\/sympetshop.com\/wp-content\/uploads\/2025\/08\/Logo.webp\",\"contentUrl\":\"https:\/\/sympetshop.com\/wp-content\/uploads\/2025\/08\/Logo.webp\",\"width\":1300,\"height\":500,\"caption\":\"sympet\"},\"image\":{\"@id\":\"https:\/\/sympetshop.com\/inicio\/#\/schema\/logo\/image\/\"},\"sameAs\":[\"https:\/\/www.instagram.com\/sympetshop\/?utm_source=ig_web_button_share_sheet\"]}]}<\/script>\n<!-- \/ Yoast SEO plugin. -->","yoast_head_json":{"title":"Pol\u00edtica de devoluci\u00f3n - sympet","description":"En sympet, nos esforzamos por ofrecer productos de la mejor calidad y satisfacci\u00f3n a nuestros clientes. Si no est\u00e1s completamente satisfecho con tu","robots":{"index":"index","follow":"follow","max-snippet":"max-snippet:-1","max-image-preview":"max-image-preview:large","max-video-preview":"max-video-preview:-1"},"canonical":"https:\/\/sympetshop.com\/inicio\/refund_returns-2\/","og_locale":"es_ES","og_type":"article","og_title":"Pol\u00edtica de devoluci\u00f3n - sympet","og_description":"En sympet, nos esforzamos por ofrecer productos de la mejor calidad y satisfacci\u00f3n a nuestros clientes. Si no est\u00e1s completamente satisfecho con tu","og_url":"https:\/\/sympetshop.com\/inicio\/refund_returns-2\/","og_site_name":"sympet","article_modified_time":"2025-09-01T00:39:31+00:00","og_image":[{"width":1300,"height":500,"url":"https:\/\/sympetshop.com\/wp-content\/uploads\/2025\/08\/Logo-1.webp","type":"image\/webp"}],"twitter_card":"summary_large_image","twitter_misc":{"Tiempo de lectura":"1 minuto"},"schema":{"@context":"https:\/\/schema.org","@graph":[{"@type":"WebPage","@id":"https:\/\/sympetshop.com\/inicio\/refund_returns-2\/","url":"https:\/\/sympetshop.com\/inicio\/refund_returns-2\/","name":"Pol\u00edtica de devoluci\u00f3n - sympet","isPartOf":{"@id":"https:\/\/sympetshop.com\/inicio\/#website"},"datePublished":"2025-08-28T19:35:06+00:00","dateModified":"2025-09-01T00:39:31+00:00","description":"En sympet, nos esforzamos por ofrecer productos de la mejor calidad y satisfacci\u00f3n a nuestros clientes. Si no est\u00e1s completamente satisfecho con tu","breadcrumb":{"@id":"https:\/\/sympetshop.com\/inicio\/refund_returns-2\/#breadcrumb"},"inLanguage":"es","potentialAction":[{"@type":"ReadAction","target":["https:\/\/sympetshop.com\/inicio\/refund_returns-2\/"]}]},{"@type":"BreadcrumbList","@id":"https:\/\/sympetshop.com\/inicio\/refund_returns-2\/#breadcrumb","itemListElement":[{"@type":"ListItem","position":1,"name":"Portada","item":"https:\/\/sympetshop.com\/inicio\/"},{"@type":"ListItem","position":2,"name":"Pol\u00edtica de devoluci\u00f3n"}]},{"@type":"WebSite","@id":"https:\/\/sympetshop.com\/inicio\/#website","url":"https:\/\/sympetshop.com\/inicio\/","name":"sympet","description":"Tienda de accesorios para mascotas","publisher":{"@id":"https:\/\/sympetshop.com\/inicio\/#organization"},"potentialAction":[{"@type":"SearchAction","target":{"@type":"EntryPoint","urlTemplate":"https:\/\/sympetshop.com\/inicio\/?s={search_term_string}"},"query-input":{"@type":"PropertyValueSpecification","valueRequired":true,"valueName":"search_term_string"}}],"inLanguage":"es"},{"@type":"Organization","@id":"https:\/\/sympetshop.com\/inicio\/#organization","name":"sympet","url":"https:\/\/sympetshop.com\/inicio\/","logo":{"@type":"ImageObject","inLanguage":"es","@id":"https:\/\/sympetshop.com\/inicio\/#\/schema\/logo\/image\/","url":"https:\/\/sympetshop.com\/wp-content\/uploads\/2025\/08\/Logo.webp","contentUrl":"https:\/\/sympetshop.com\/wp-content\/uploads\/2025\/08\/Logo.webp","width":1300,"height":500,"caption":"sympet"},"image":{"@id":"https:\/\/sympetshop.com\/inicio\/#\/schema\/logo\/image\/"},"sameAs":["https:\/\/www.instagram.com\/sympetshop\/?utm_source=ig_web_button_share_sheet"]}]}},"jetpack_sharing_enabled":true,"_links":{"self":[{"href":"https:\/\/sympetshop.com\/inicio\/wp-json\/wp\/v2\/pages\/592","targetHints":{"allow":["GET"]}}],"collection":[{"href":"https:\/\/sympetshop.com\/inicio\/wp-json\/wp\/v2\/pages"}],"about":[{"href":"https:\/\/sympetshop.com\/inicio\/wp-json\/wp\/v2\/types\/page"}],"author":[{"embeddable":true,"href":"https:\/\/sympetshop.com\/inicio\/wp-json\/wp\/v2\/users\/1"}],"replies":[{"embeddable":true,"href":"https:\/\/sympetshop.com\/inicio\/wp-json\/wp\/v2\/comments?post=592"}],"version-history":[{"count":0,"href":"https:\/\/sympetshop.com\/inicio\/wp-json\/wp\/v2\/pages\/592\/revisions"}],"wp:attachment":[{"href":"https:\/\/sympetshop.com\/inicio\/wp-json\/wp\/v2\/media?parent=592"}],"curies":[{"name":"wp","href":"https:\/\/api.w.org\/{rel}","templated":true}]}}