{"id":830,"date":"2025-08-29T19:06:49","date_gmt":"2025-08-29T22:06:49","guid":{"rendered":"https:\/\/sympetshop.com\/inicio\/?post_type=product&#038;p=830"},"modified":"2025-08-30T12:38:08","modified_gmt":"2025-08-30T15:38:08","slug":"collar-c-led","status":"publish","type":"product","link":"https:\/\/sympetshop.com\/inicio\/product\/collar-c-led\/","title":{"rendered":"Collar C\/Led"},"content":{"rendered":"<h2>Destaca con un Dise\u00f1o Seguro y Funcional<\/h2>\n<p>El collar con luz LED para paseos nocturnos est\u00e1 dise\u00f1ado para garantizar la seguridad de tus mascotas mientras disfrutan de caminatas nocturnas. Este accesorio elegante y pr\u00e1ctico mejora la visibilidad en condiciones de baja luz, permitiendo que tanto t\u00fa como otros transe\u00fantes identifiquen a tu compa\u00f1ero peludo f\u00e1cilmente. Dale a tu mascota la protecci\u00f3n que merece cuando el sol se esconde.<\/p>\n<h2>Alta Calidad y Comodidad<\/h2>\n<p>Fabricado con materiales duraderos y c\u00f3modos, este collar LED es pensado para soportar el ritmo de cualquier actividad nocturna. Incorpora un dise\u00f1o ajustable que se adapta a perros de diferentes tama\u00f1os y razas. Adem\u00e1s, la bater\u00eda recargable asegura horas de uso constante, convirti\u00e9ndolo en una soluci\u00f3n sostenible y eficaz. Olv\u00eddate de los productos que se desgastan r\u00e1pidamente y opta por una opci\u00f3n confiable.<\/p>\n<h2>F\u00e1cil de Usar y Vers\u00e1til<\/h2>\n<p>Este collar LED destaca por su facilidad de uso. Con un simple bot\u00f3n, puedes alternar entre diversos modos de iluminaci\u00f3n, incluida luz fija y parpadeante, seg\u00fan tus preferencias y necesidades. Su versatilidad lo hace ideal no solo para paseos nocturnos, sino tambi\u00e9n para actividades al aire libre, como camping o excursiones. Prepara a tu mascota para explorar el mundo incluso en la oscuridad.<\/p>\n","protected":false},"excerpt":{"rendered":"<p>\u2022 Resistente, de nylon. Luminoso.<br \/>\n\u2022 Visibilidad al menos de 10 metros.<br \/>\n\u2022 Seguro y f\u00e1cil de colocar. Lleva una pila boton cr2016.<\/p>\n<p>Medidas de Talles:<\/p>\n<p>XS. 45 cm<\/p>\n<p>S. 50 cm<\/p>\n<p>M. 55 cm<\/p>\n<p>L. 60 cm<\/p>\n","protected":false},"featured_media":892,"template":"","meta":[],"product_brand":[],"product_cat":[43],"product_tag":[],"class_list":{"0":"post-830","1":"product","2":"type-product","3":"status-publish","4":"has-post-thumbnail","6":"product_cat-perros","8":"first","9":"instock","10":"taxable","11":"shipping-taxable","12":"purchasable","13":"product-type-variable"},"yoast_head":"<!-- This site is optimized with the Yoast SEO plugin v25.8 - https:\/\/yoast.com\/wordpress\/plugins\/seo\/ -->\n<title>Collar C\/Led - sympet<\/title>\n<meta name=\"robots\" content=\"index, follow, max-snippet:-1, max-image-preview:large, max-video-preview:-1\" \/>\n<link rel=\"canonical\" href=\"https:\/\/sympetshop.com\/inicio\/product\/collar-c-led\/\" \/>\n<meta property=\"og:locale\" content=\"es_ES\" \/>\n<meta property=\"og:type\" content=\"article\" \/>\n<meta property=\"og:title\" content=\"Collar C\/Led - sympet\" \/>\n<meta property=\"og:description\" content=\"\u2022 Resistente, de nylon. Luminoso. \u2022 Visibilidad al menos de 10 metros. \u2022 Seguro y f\u00e1cil de colocar. Lleva una pila boton cr2016.  Medidas de Talles:  XS. 45 cm  S. 50 cm  M. 55 cm  L. 60 cm\" \/>\n<meta property=\"og:url\" content=\"https:\/\/sympetshop.com\/inicio\/product\/collar-c-led\/\" \/>\n<meta property=\"og:site_name\" content=\"sympet\" \/>\n<meta property=\"article:modified_time\" content=\"2025-08-30T15:38:08+00:00\" \/>\n<meta property=\"og:image\" content=\"https:\/\/sympetshop.com\/wp-content\/uploads\/2025\/08\/COLLAR-LED-02.png\" \/>\n\t<meta property=\"og:image:width\" content=\"500\" \/>\n\t<meta property=\"og:image:height\" content=\"467\" \/>\n\t<meta property=\"og:image:type\" content=\"image\/png\" \/>\n<meta name=\"twitter:card\" content=\"summary_large_image\" \/>\n<meta name=\"twitter:label1\" content=\"Tiempo de lectura\" \/>\n\t<meta name=\"twitter:data1\" content=\"1 minuto\" \/>\n<script type=\"application\/ld+json\" class=\"yoast-schema-graph\">{\"@context\":\"https:\/\/schema.org\",\"@graph\":[{\"@type\":\"WebPage\",\"@id\":\"https:\/\/sympetshop.com\/inicio\/product\/collar-c-led\/\",\"url\":\"https:\/\/sympetshop.com\/inicio\/product\/collar-c-led\/\",\"name\":\"Collar C\/Led - sympet\",\"isPartOf\":{\"@id\":\"https:\/\/sympetshop.com\/inicio\/#website\"},\"primaryImageOfPage\":{\"@id\":\"https:\/\/sympetshop.com\/inicio\/product\/collar-c-led\/#primaryimage\"},\"image\":{\"@id\":\"https:\/\/sympetshop.com\/inicio\/product\/collar-c-led\/#primaryimage\"},\"thumbnailUrl\":\"https:\/\/sympetshop.com\/wp-content\/uploads\/2025\/08\/COLLAR-LED-02.png\",\"datePublished\":\"2025-08-29T22:06:49+00:00\",\"dateModified\":\"2025-08-30T15:38:08+00:00\",\"breadcrumb\":{\"@id\":\"https:\/\/sympetshop.com\/inicio\/product\/collar-c-led\/#breadcrumb\"},\"inLanguage\":\"es\",\"potentialAction\":[{\"@type\":\"ReadAction\",\"target\":[\"https:\/\/sympetshop.com\/inicio\/product\/collar-c-led\/\"]}]},{\"@type\":\"ImageObject\",\"inLanguage\":\"es\",\"@id\":\"https:\/\/sympetshop.com\/inicio\/product\/collar-c-led\/#primaryimage\",\"url\":\"https:\/\/sympetshop.com\/wp-content\/uploads\/2025\/08\/COLLAR-LED-02.png\",\"contentUrl\":\"https:\/\/sympetshop.com\/wp-content\/uploads\/2025\/08\/COLLAR-LED-02.png\",\"width\":500,\"height\":467},{\"@type\":\"BreadcrumbList\",\"@id\":\"https:\/\/sympetshop.com\/inicio\/product\/collar-c-led\/#breadcrumb\",\"itemListElement\":[{\"@type\":\"ListItem\",\"position\":1,\"name\":\"Portada\",\"item\":\"https:\/\/sympetshop.com\/inicio\/\"},{\"@type\":\"ListItem\",\"position\":2,\"name\":\"Productos\",\"item\":\"https:\/\/sympetshop.com\/inicio\/shop\/\"},{\"@type\":\"ListItem\",\"position\":3,\"name\":\"Collar C\/Led\"}]},{\"@type\":\"WebSite\",\"@id\":\"https:\/\/sympetshop.com\/inicio\/#website\",\"url\":\"https:\/\/sympetshop.com\/inicio\/\",\"name\":\"sympet\",\"description\":\"Tienda de accesorios para mascotas\",\"publisher\":{\"@id\":\"https:\/\/sympetshop.com\/inicio\/#organization\"},\"potentialAction\":[{\"@type\":\"SearchAction\",\"target\":{\"@type\":\"EntryPoint\",\"urlTemplate\":\"https:\/\/sympetshop.com\/inicio\/?s={search_term_string}\"},\"query-input\":{\"@type\":\"PropertyValueSpecification\",\"valueRequired\":true,\"valueName\":\"search_term_string\"}}],\"inLanguage\":\"es\"},{\"@type\":\"Organization\",\"@id\":\"https:\/\/sympetshop.com\/inicio\/#organization\",\"name\":\"sympet\",\"url\":\"https:\/\/sympetshop.com\/inicio\/\",\"logo\":{\"@type\":\"ImageObject\",\"inLanguage\":\"es\",\"@id\":\"https:\/\/sympetshop.com\/inicio\/#\/schema\/logo\/image\/\",\"url\":\"https:\/\/sympetshop.com\/wp-content\/uploads\/2025\/08\/Logo.webp\",\"contentUrl\":\"https:\/\/sympetshop.com\/wp-content\/uploads\/2025\/08\/Logo.webp\",\"width\":1300,\"height\":500,\"caption\":\"sympet\"},\"image\":{\"@id\":\"https:\/\/sympetshop.com\/inicio\/#\/schema\/logo\/image\/\"},\"sameAs\":[\"https:\/\/www.instagram.com\/sympetshop\/?utm_source=ig_web_button_share_sheet\"]}]}<\/script>\n<!-- \/ Yoast SEO plugin. -->","yoast_head_json":{"title":"Collar C\/Led - sympet","robots":{"index":"index","follow":"follow","max-snippet":"max-snippet:-1","max-image-preview":"max-image-preview:large","max-video-preview":"max-video-preview:-1"},"canonical":"https:\/\/sympetshop.com\/inicio\/product\/collar-c-led\/","og_locale":"es_ES","og_type":"article","og_title":"Collar C\/Led - sympet","og_description":"\u2022 Resistente, de nylon. Luminoso. \u2022 Visibilidad al menos de 10 metros. \u2022 Seguro y f\u00e1cil de colocar. Lleva una pila boton cr2016.  Medidas de Talles:  XS. 45 cm  S. 50 cm  M. 55 cm  L. 60 cm","og_url":"https:\/\/sympetshop.com\/inicio\/product\/collar-c-led\/","og_site_name":"sympet","article_modified_time":"2025-08-30T15:38:08+00:00","og_image":[{"width":500,"height":467,"url":"https:\/\/sympetshop.com\/wp-content\/uploads\/2025\/08\/COLLAR-LED-02.png","type":"image\/png"}],"twitter_card":"summary_large_image","twitter_misc":{"Tiempo de lectura":"1 minuto"},"schema":{"@context":"https:\/\/schema.org","@graph":[{"@type":"WebPage","@id":"https:\/\/sympetshop.com\/inicio\/product\/collar-c-led\/","url":"https:\/\/sympetshop.com\/inicio\/product\/collar-c-led\/","name":"Collar C\/Led - sympet","isPartOf":{"@id":"https:\/\/sympetshop.com\/inicio\/#website"},"primaryImageOfPage":{"@id":"https:\/\/sympetshop.com\/inicio\/product\/collar-c-led\/#primaryimage"},"image":{"@id":"https:\/\/sympetshop.com\/inicio\/product\/collar-c-led\/#primaryimage"},"thumbnailUrl":"https:\/\/sympetshop.com\/wp-content\/uploads\/2025\/08\/COLLAR-LED-02.png","datePublished":"2025-08-29T22:06:49+00:00","dateModified":"2025-08-30T15:38:08+00:00","breadcrumb":{"@id":"https:\/\/sympetshop.com\/inicio\/product\/collar-c-led\/#breadcrumb"},"inLanguage":"es","potentialAction":[{"@type":"ReadAction","target":["https:\/\/sympetshop.com\/inicio\/product\/collar-c-led\/"]}]},{"@type":"ImageObject","inLanguage":"es","@id":"https:\/\/sympetshop.com\/inicio\/product\/collar-c-led\/#primaryimage","url":"https:\/\/sympetshop.com\/wp-content\/uploads\/2025\/08\/COLLAR-LED-02.png","contentUrl":"https:\/\/sympetshop.com\/wp-content\/uploads\/2025\/08\/COLLAR-LED-02.png","width":500,"height":467},{"@type":"BreadcrumbList","@id":"https:\/\/sympetshop.com\/inicio\/product\/collar-c-led\/#breadcrumb","itemListElement":[{"@type":"ListItem","position":1,"name":"Portada","item":"https:\/\/sympetshop.com\/inicio\/"},{"@type":"ListItem","position":2,"name":"Productos","item":"https:\/\/sympetshop.com\/inicio\/shop\/"},{"@type":"ListItem","position":3,"name":"Collar C\/Led"}]},{"@type":"WebSite","@id":"https:\/\/sympetshop.com\/inicio\/#website","url":"https:\/\/sympetshop.com\/inicio\/","name":"sympet","description":"Tienda de accesorios para mascotas","publisher":{"@id":"https:\/\/sympetshop.com\/inicio\/#organization"},"potentialAction":[{"@type":"SearchAction","target":{"@type":"EntryPoint","urlTemplate":"https:\/\/sympetshop.com\/inicio\/?s={search_term_string}"},"query-input":{"@type":"PropertyValueSpecification","valueRequired":true,"valueName":"search_term_string"}}],"inLanguage":"es"},{"@type":"Organization","@id":"https:\/\/sympetshop.com\/inicio\/#organization","name":"sympet","url":"https:\/\/sympetshop.com\/inicio\/","logo":{"@type":"ImageObject","inLanguage":"es","@id":"https:\/\/sympetshop.com\/inicio\/#\/schema\/logo\/image\/","url":"https:\/\/sympetshop.com\/wp-content\/uploads\/2025\/08\/Logo.webp","contentUrl":"https:\/\/sympetshop.com\/wp-content\/uploads\/2025\/08\/Logo.webp","width":1300,"height":500,"caption":"sympet"},"image":{"@id":"https:\/\/sympetshop.com\/inicio\/#\/schema\/logo\/image\/"},"sameAs":["https:\/\/www.instagram.com\/sympetshop\/?utm_source=ig_web_button_share_sheet"]}]}},"jetpack_sharing_enabled":true,"_links":{"self":[{"href":"https:\/\/sympetshop.com\/inicio\/wp-json\/wp\/v2\/product\/830","targetHints":{"allow":["GET"]}}],"collection":[{"href":"https:\/\/sympetshop.com\/inicio\/wp-json\/wp\/v2\/product"}],"about":[{"href":"https:\/\/sympetshop.com\/inicio\/wp-json\/wp\/v2\/types\/product"}],"wp:featuredmedia":[{"embeddable":true,"href":"https:\/\/sympetshop.com\/inicio\/wp-json\/wp\/v2\/media\/892"}],"wp:attachment":[{"href":"https:\/\/sympetshop.com\/inicio\/wp-json\/wp\/v2\/media?parent=830"}],"wp:term":[{"taxonomy":"product_brand","embeddable":true,"href":"https:\/\/sympetshop.com\/inicio\/wp-json\/wp\/v2\/product_brand?post=830"},{"taxonomy":"product_cat","embeddable":true,"href":"https:\/\/sympetshop.com\/inicio\/wp-json\/wp\/v2\/product_cat?post=830"},{"taxonomy":"product_tag","embeddable":true,"href":"https:\/\/sympetshop.com\/inicio\/wp-json\/wp\/v2\/product_tag?post=830"}],"curies":[{"name":"wp","href":"https:\/\/api.w.org\/{rel}","templated":true}]}}